{"id":16,"date":"2014-06-02T16:08:11","date_gmt":"2014-06-02T16:08:11","guid":{"rendered":"https:\/\/elfogoncal.com.uy\/web\/?page_id=16"},"modified":"2021-04-22T12:34:17","modified_gmt":"2021-04-22T12:34:17","slug":"contactos","status":"publish","type":"page","link":"https:\/\/elfogoncal.com.uy\/web\/?page_id=16","title":{"rendered":"CONTACTO"},"content":{"rendered":"\t\t<div data-elementor-type=\"wp-page\" data-elementor-id=\"16\" class=\"elementor elementor-16\" data-elementor-settings=\"[]\">\n\t\t\t\t\t\t<div class=\"elementor-inner\">\n\t\t\t\t\t\t\t<div class=\"elementor-section-wrap\">\n\t\t\t\t\t\t\t<section class=\"elementor-section elementor-top-section elementor-element elementor-element-4518c902 elementor-section-boxed elementor-section-height-default elementor-section-height-default\" data-id=\"4518c902\" data-element_type=\"section\">\n\t\t\t\t\t\t<div class=\"elementor-container elementor-column-gap-default\">\n\t\t\t\t\t\t\t<div class=\"elementor-row\">\n\t\t\t\t\t<div class=\"elementor-column elementor-col-100 elementor-top-column elementor-element elementor-element-336bafff\" data-id=\"336bafff\" data-element_type=\"column\">\n\t\t\t<div class=\"elementor-column-wrap elementor-element-populated\">\n\t\t\t\t\t\t\t<div class=\"elementor-widget-wrap\">\n\t\t\t\t\t\t<div class=\"elementor-element elementor-element-5ee20122 elementor-invisible elementor-widget elementor-widget-text-editor\" data-id=\"5ee20122\" data-element_type=\"widget\" data-settings=\"{&quot;_animation&quot;:&quot;zoomInDown&quot;}\" data-widget_type=\"text-editor.default\">\n\t\t\t\t<div class=\"elementor-widget-container\">\n\t\t\t\t\t<div class=\"elementor-text-editor elementor-clearfix\"><!-- wp:heading {\"level\":3} -->\n<h4><strong>EL FOGON<\/strong><\/h4>\n<!-- \/wp:heading --><!-- wp:paragraph -->\n<p><strong>El Fog\u00f3n Cooperativa Agraria Limitada<\/strong><\/p>\n<!-- \/wp:paragraph --><!-- wp:paragraph -->\n<p><strong>Presidente Berro 752 Esq. Dr. Francisco Rios<\/strong> &#8211; Sarand\u00ed del Y\u00ed. Durazno.<br \/><strong>Tel\u00e9fono:\u00a0<\/strong>4367 9284 &#8211; 4367 9066<br \/><strong>E-mail: <\/strong><a class=\"Estilo1\" href=\"mailto:info@elfogoncal.com.uy\">info@elfogoncal.com.uy<\/a><br \/><strong>Giro principal:<\/strong> Ganadera<\/p>\n<!-- \/wp:paragraph --><!-- wp:html -->\n<p><iframe loading=\"lazy\" style=\"border: 0;\" tabindex=\"0\" src=\"https:\/\/www.google.com\/maps\/embed?pb=!1m18!1m12!1m3!1d691.1441679670676!2d-55.62647887086456!3d-33.34191947843382!2m3!1f0!2f0!3f0!3m2!1i1024!2i768!4f13.1!3m3!1m2!1s0x95a75182b879324d%3A0x42761ececb8b7956!2sEl%20Fog%C3%B3n%20Cooperativa%20Agraria%20Limitada!5e1!3m2!1ses-419!2suy!4v1611265138568!5m2!1ses-419!2suy\" width=\"95%\" height=\"450\" frameborder=\"0\" allowfullscreen=\"allowfullscreen\" aria-hidden=\"false\"><\/iframe><\/p>\n<!-- \/wp:html --><!-- wp:separator --><hr class=\"wp-block-separator\" \/><!-- \/wp:separator --><!-- wp:heading {\"level\":3} -->\n<h4>SUCURSALES<strong><br \/>El Fog\u00f3n Santa Clara<\/strong><\/h4>\n<!-- \/wp:heading --><!-- wp:paragraph -->\n<p>25 de agosto SN, Santa Clara del Olimar, Treinta y Tres<br \/><strong>Telefono:<\/strong> 099 033772<br \/><strong>E-mail:<\/strong> <a href=\"mailto:santaclara@elfogoncal.com.uy\">santaclara@elfogoncal.com.uy<\/a><\/p>\n<!-- \/wp:paragraph --><!-- wp:html -->\n<p><iframe loading=\"lazy\" style=\"border: 0;\" tabindex=\"0\" src=\"https:\/\/www.google.com\/maps\/embed?pb=!1m18!1m12!1m3!1d1388.8856983219066!2d-54.94327604197072!3d-32.92395814380394!2m3!1f0!2f0!3f0!3m2!1i1024!2i768!4f13.1!3m3!1m2!1s0x9509983cbd7cbd8b%3A0x90e821237c5720b7!2s25%20de%20Agosto%2C%2037007%20Santa%20Clara%20De%20Olimar%2C%20Departamento%20de%20Treinta%20y%20Tres!5e1!3m2!1ses-419!2suy!4v1611265314490!5m2!1ses-419!2suy\" width=\"95%\" height=\"450\" frameborder=\"0\" allowfullscreen=\"allowfullscreen\" aria-hidden=\"false\"><\/iframe><\/p>\n<!-- \/wp:html --><\/div>\n\t\t\t\t<\/div>\n\t\t\t\t<\/div>\n\t\t\t\t\t\t<\/div>\n\t\t\t\t\t<\/div>\n\t\t<\/div>\n\t\t\t\t\t\t\t\t<\/div>\n\t\t\t\t\t<\/div>\n\t\t<\/section>\n\t\t\t\t\t\t<\/div>\n\t\t\t\t\t\t<\/div>\n\t\t\t\t\t<\/div>\n\t\t","protected":false},"excerpt":{"rendered":"<p>EL FOGON El Fog\u00f3n Cooperativa Agraria Limitada Presidente Berro 752 Esq. Dr. Francisco Rios &#8211; Sarand\u00ed del Y\u00ed. Durazno.Tel\u00e9fono:\u00a04367 9284 &#8211; 4367 9066E-mail: info@elfogoncal.com.uyGiro principal: Ganadera SUCURSALESEl Fog\u00f3n Santa Clara 25 de agosto SN, Santa Clara del Olimar, Treinta y TresTelefono: 099 033772E-mail: santaclara@elfogoncal.com.uy<\/p>\n","protected":false},"author":1,"featured_media":0,"parent":0,"menu_order":6,"comment_status":"open","ping_status":"closed","template":"","meta":{"footnotes":""},"class_list":["post-16","page","type-page","status-publish","hentry"],"_links":{"self":[{"href":"https:\/\/elfogoncal.com.uy\/web\/index.php?rest_route=\/wp\/v2\/pages\/16","targetHints":{"allow":["GET"]}}],"collection":[{"href":"https:\/\/elfogoncal.com.uy\/web\/index.php?rest_route=\/wp\/v2\/pages"}],"about":[{"href":"https:\/\/elfogoncal.com.uy\/web\/index.php?rest_route=\/wp\/v2\/types\/page"}],"author":[{"embeddable":true,"href":"https:\/\/elfogoncal.com.uy\/web\/index.php?rest_route=\/wp\/v2\/users\/1"}],"replies":[{"embeddable":true,"href":"https:\/\/elfogoncal.com.uy\/web\/index.php?rest_route=%2Fwp%2Fv2%2Fcomments&post=16"}],"version-history":[{"count":26,"href":"https:\/\/elfogoncal.com.uy\/web\/index.php?rest_route=\/wp\/v2\/pages\/16\/revisions"}],"predecessor-version":[{"id":3075,"href":"https:\/\/elfogoncal.com.uy\/web\/index.php?rest_route=\/wp\/v2\/pages\/16\/revisions\/3075"}],"wp:attachment":[{"href":"https:\/\/elfogoncal.com.uy\/web\/index.php?rest_route=%2Fwp%2Fv2%2Fmedia&parent=16"}],"curies":[{"name":"wp","href":"https:\/\/api.w.org\/{rel}","templated":true}]}}