{"id":124,"date":"2014-08-18T19:36:14","date_gmt":"2014-08-18T19:36:14","guid":{"rendered":"https:\/\/elfogoncal.com.uy\/web\/?page_id=124"},"modified":"2021-04-21T21:54:32","modified_gmt":"2021-04-21T21:54:32","slug":"planes-productivos","status":"publish","type":"page","link":"https:\/\/elfogoncal.com.uy\/web\/?page_id=124","title":{"rendered":"Planes Productivos"},"content":{"rendered":"\t\t<div data-elementor-type=\"wp-page\" data-elementor-id=\"124\" class=\"elementor elementor-124\" data-elementor-settings=\"[]\">\n\t\t\t\t\t\t<div class=\"elementor-inner\">\n\t\t\t\t\t\t\t<div class=\"elementor-section-wrap\">\n\t\t\t\t\t\t\t<section class=\"elementor-section elementor-top-section elementor-element elementor-element-3f9b632 elementor-section-boxed elementor-section-height-default elementor-section-height-default\" data-id=\"3f9b632\" data-element_type=\"section\">\n\t\t\t\t\t\t<div class=\"elementor-container elementor-column-gap-default\">\n\t\t\t\t\t\t\t<div class=\"elementor-row\">\n\t\t\t\t\t<div class=\"elementor-column elementor-col-100 elementor-top-column elementor-element elementor-element-3051cd0a\" data-id=\"3051cd0a\" data-element_type=\"column\">\n\t\t\t<div class=\"elementor-column-wrap elementor-element-populated\">\n\t\t\t\t\t\t\t<div class=\"elementor-widget-wrap\">\n\t\t\t\t\t\t<div class=\"elementor-element elementor-element-7498f9af elementor-invisible elementor-widget elementor-widget-text-editor\" data-id=\"7498f9af\" data-element_type=\"widget\" data-settings=\"{&quot;_animation&quot;:&quot;zoomInDown&quot;}\" data-widget_type=\"text-editor.default\">\n\t\t\t\t<div class=\"elementor-widget-container\">\n\t\t\t\t\t<div class=\"elementor-text-editor elementor-clearfix\"><p style=\"margin-bottom: 0.35cm;\"><img loading=\"lazy\" decoding=\"async\" class=\"alignnone wp-image-186 size-full\" src=\"https:\/\/elfogoncal.com.uy\/web\/wp-content\/uploads\/2014\/08\/12.jpg\" alt=\"12\" width=\"384\" height=\"270\" \/><\/p>\r\n<p style=\"margin-bottom: 0.35cm;\"><b>PLANES PRODUCTIVOS<\/b><\/p>\r\n<p style=\"margin-bottom: 0.35cm;\">Uno de los principales objetivos de EL Fog\u00f3n es poder colaborar en la formaci\u00f3n de sus socios, brind\u00e1ndoles informaci\u00f3n, ayudando a la introducci\u00f3n de nuevas tecnolog\u00edas y a la difusi\u00f3n de conocimientos que tiendan a mejoran la eficiencia productiva de sus socios y clientes.<\/p>\r\n<p style=\"margin-bottom: 0.35cm;\">En este sentido desde EL Fog\u00f3n se trata de a\u00f1adir valor a la producci\u00f3n de sus socios mediante la implementaci\u00f3n de diversos planes productivos ya sea propios o con diferentes asociaciones con empresas e instituciones tanto p\u00fablicas como privadas.<\/p>\r\n<p style=\"margin-bottom: 0.35cm;\"><span style=\"color: #0f243e;\"><span lang=\"es-UY\"><b>Proyectos MGAP:\r\n<\/b><\/span><\/span>Contamos con t\u00e9cnicos habilitados para el armado y seguimiento de los proyectos del ministerio. Ej.:<\/p>\r\n\r\n<ul>\r\n\t<li>\r\n<p style=\"margin-bottom: 0.35cm;\"><span lang=\"es-UY\">Planes de gesti\u00f3n para la producci\u00f3n ovina<\/span><\/p>\r\n<\/li>\r\n\t<li>\r\n<p style=\"margin-bottom: 0.35cm;\"><span lang=\"es-UY\">Producci\u00f3n familiar Integral y sustentable<\/span><\/p>\r\n<\/li>\r\n\t<li>\r\n<p style=\"margin-bottom: 0.35cm;\"><span lang=\"es-UY\">Planes ap\u00edcolas.<\/span><\/p>\r\n<\/li>\r\n<\/ul>\r\n<p style=\"margin-bottom: 0.35cm;\"><span lang=\"es-UY\"><b>\r\nProyectos Productivos a Medida:\r\n<\/b>Todo el asesoramiento t\u00e9cnico para el armado y ejecuci\u00f3n de proyectos productivos individuales y adaptados a su predio, para emprendimientos ganaderos, forestales o agr\u00edcolas<\/span><span lang=\"es-UY\"><b>.<\/b><\/span><\/p>\r\n<p style=\"margin-bottom: 0.35cm;\"><b>Producci\u00f3n de Carne Ovina de Calidad para Productores de Florida Norte.\r\n<\/b>El proyecto integrado por la Intendencia Municipal de Florida (IMF)y El Fog\u00f3n tiene por objetivo principal obtener un incremento en los ingresos de los beneficiarios directos (peque\u00f1os y medianos productores) mediante la instrumentaci\u00f3n del Engorde de Corderos en sus predios. Esto se logra con la implementaci\u00f3n de un fondo rotatorio y toda la asistencia t\u00e9cnica y los insumos que brinda la Cooperativa.<\/p>\r\n<p style=\"margin-bottom: 0.35cm;\"><b>Proyectos Forestales:\r\n<\/b>Mediante un convenio con UPM Forestal Oriental todos los socios de la cooperativa podr\u00e1n acceder al programa de fomento de UPM; y tendr\u00e1n la posibilidad de diversificarse y entrar al negocio forestal bajo la modalidad de Aparcer\u00eda, Renta anual o Asociaci\u00f3n. Vinculo con upm<\/p>\r\n<p style=\"margin-bottom: 0.35cm;\"><b>Administraci\u00f3n de Campos:\r\n<\/b>Contamos con un equipo t\u00e9cnico capaz de realizar la administraci\u00f3n y gesti\u00f3n integral de emprendimientos agropecuarios logrando que su campo produzca incluso cuando usted no est\u00e1, con planes productivos y seguimiento t\u00e9cnico-comercial a medida de su establecimiento.<\/p>\r\n<p style=\"margin-bottom: 0.35cm;\"><b>AGRICULTURA:\r\n<\/b>Adem\u00e1s de los planes productivos contamos con paquetes y asesoramiento t\u00e9cnico puntal al que le sumamos todo el seguimiento y control de nuestros t\u00e9cnicos: seguimiento de cultivos, planificaci\u00f3n y log\u00edstica en cosecha y post-cosecha<\/p>\r\n<p style=\"margin-bottom: 0.35cm;\"><b>GANADERIA:<\/b><\/p>\r\n\r\n<ul>\r\n\t<li>\r\n<p style=\"margin-bottom: 0.35cm;\">Asesoramiento t\u00e9cnico para compra de gen\u00e9tica Ovina y Bovina tanto para reproductores como semen congelado.<\/p>\r\n<\/li>\r\n\t<li>\r\n<p style=\"margin-bottom: 0.35cm;\">Planes de implantaci\u00f3n, uso y manejo de praderas, verdeos y mejoramientos extensivos; todos con el seguimiento t\u00e9cnico necesario.<\/p>\r\n<\/li>\r\n\t<li>\r\n<p style=\"margin-bottom: 0.35cm;\">Paquetes sanitaros y asesoramiento sanitario para Ovinos y Vacunos<b>.<\/b><\/p>\r\n<\/li>\r\n\t<li>\r\n<p style=\"margin-bottom: 0.35cm;\">Compra de reposici\u00f3n.<\/p>\r\n<\/li>\r\n\t<li>\r\n<p style=\"margin-bottom: 0.35cm;\">Asesoramiento t\u00e9cnico para invernada de Ovinos y Vacunos<\/p>\r\n<\/li>\r\n<\/ul>\r\n<p style=\"margin-left: 0.64cm; margin-bottom: 0.35cm;\"><\/p><\/div>\n\t\t\t\t<\/div>\n\t\t\t\t<\/div>\n\t\t\t\t\t\t<\/div>\n\t\t\t\t\t<\/div>\n\t\t<\/div>\n\t\t\t\t\t\t\t\t<\/div>\n\t\t\t\t\t<\/div>\n\t\t<\/section>\n\t\t\t\t\t\t<\/div>\n\t\t\t\t\t\t<\/div>\n\t\t\t\t\t<\/div>\n\t\t","protected":false},"excerpt":{"rendered":"<p>PLANES PRODUCTIVOS Uno de los principales objetivos de EL Fog\u00f3n es poder colaborar en la formaci\u00f3n de sus socios, brind\u00e1ndoles informaci\u00f3n, ayudando a la introducci\u00f3n de nuevas tecnolog\u00edas y a la difusi\u00f3n de conocimientos que tiendan a mejoran la eficiencia productiva de sus socios y clientes. En este sentido desde EL Fog\u00f3n se trata de [&hellip;]<\/p>\n","protected":false},"author":1,"featured_media":0,"parent":10,"menu_order":9,"comment_status":"closed","ping_status":"open","template":"","meta":{"footnotes":""},"class_list":["post-124","page","type-page","status-publish","hentry"],"_links":{"self":[{"href":"https:\/\/elfogoncal.com.uy\/web\/index.php?rest_route=\/wp\/v2\/pages\/124","targetHints":{"allow":["GET"]}}],"collection":[{"href":"https:\/\/elfogoncal.com.uy\/web\/index.php?rest_route=\/wp\/v2\/pages"}],"about":[{"href":"https:\/\/elfogoncal.com.uy\/web\/index.php?rest_route=\/wp\/v2\/types\/page"}],"author":[{"embeddable":true,"href":"https:\/\/elfogoncal.com.uy\/web\/index.php?rest_route=\/wp\/v2\/users\/1"}],"replies":[{"embeddable":true,"href":"https:\/\/elfogoncal.com.uy\/web\/index.php?rest_route=%2Fwp%2Fv2%2Fcomments&post=124"}],"version-history":[{"count":6,"href":"https:\/\/elfogoncal.com.uy\/web\/index.php?rest_route=\/wp\/v2\/pages\/124\/revisions"}],"predecessor-version":[{"id":2993,"href":"https:\/\/elfogoncal.com.uy\/web\/index.php?rest_route=\/wp\/v2\/pages\/124\/revisions\/2993"}],"up":[{"embeddable":true,"href":"https:\/\/elfogoncal.com.uy\/web\/index.php?rest_route=\/wp\/v2\/pages\/10"}],"wp:attachment":[{"href":"https:\/\/elfogoncal.com.uy\/web\/index.php?rest_route=%2Fwp%2Fv2%2Fmedia&parent=124"}],"curies":[{"name":"wp","href":"https:\/\/api.w.org\/{rel}","templated":true}]}}