{"id":110,"date":"2014-08-18T19:32:37","date_gmt":"2014-08-18T19:32:37","guid":{"rendered":"https:\/\/elfogoncal.com.uy\/web\/?page_id=110"},"modified":"2021-04-21T21:45:46","modified_gmt":"2021-04-21T21:45:46","slug":"bano-de-lanares","status":"publish","type":"page","link":"https:\/\/elfogoncal.com.uy\/web\/?page_id=110","title":{"rendered":"Ba\u00f1o de lanares"},"content":{"rendered":"\t\t<div data-elementor-type=\"wp-page\" data-elementor-id=\"110\" class=\"elementor elementor-110\" data-elementor-settings=\"[]\">\n\t\t\t\t\t\t<div class=\"elementor-inner\">\n\t\t\t\t\t\t\t<div class=\"elementor-section-wrap\">\n\t\t\t\t\t\t\t<section class=\"elementor-section elementor-top-section elementor-element elementor-element-60185f18 elementor-section-boxed elementor-section-height-default elementor-section-height-default\" data-id=\"60185f18\" data-element_type=\"section\">\n\t\t\t\t\t\t<div class=\"elementor-container elementor-column-gap-default\">\n\t\t\t\t\t\t\t<div class=\"elementor-row\">\n\t\t\t\t\t<div class=\"elementor-column elementor-col-100 elementor-top-column elementor-element elementor-element-7d05d32\" data-id=\"7d05d32\" data-element_type=\"column\">\n\t\t\t<div class=\"elementor-column-wrap elementor-element-populated\">\n\t\t\t\t\t\t\t<div class=\"elementor-widget-wrap\">\n\t\t\t\t\t\t<div class=\"elementor-element elementor-element-37d015f7 elementor-invisible elementor-widget elementor-widget-text-editor\" data-id=\"37d015f7\" data-element_type=\"widget\" data-settings=\"{&quot;_animation&quot;:&quot;zoomInDown&quot;}\" data-widget_type=\"text-editor.default\">\n\t\t\t\t<div class=\"elementor-widget-container\">\n\t\t\t\t\t<div class=\"elementor-text-editor elementor-clearfix\"><p style=\"margin-bottom: 0.35cm;\">Somos pioneros en prestar servicios integrales de ba\u00f1o para lanares.\r\nHoy adem\u00e1s del ya conocido ba\u00f1o de aspersi\u00f3n contamos con un novedoso ba\u00f1o de inmersi\u00f3n port\u00e1til.<\/p>\r\n\r\n<h3 style=\"margin-bottom: 0.35cm;\"><span style=\"color: #ff6600;\"><b>BA\u00d1O DE ASPERSION:<\/b><\/span><\/h3>\r\n<p style=\"margin-bottom: 0.35cm;\"><b>Funcionamiento: <\/b><\/p>\r\n<p style=\"margin-bottom: 0.35cm;\">Mediante aspersores y chorros de alta presi\u00f3n.<\/p>\r\n<p style=\"margin-bottom: 0.35cm;\">Cuando el animal entra al ba\u00f1o ejerce presi\u00f3n sobre la puerta de vaiv\u00e9n activando los aspersores.<\/p>\r\n<p style=\"margin-bottom: 0.35cm;\">Necesita de una fuente de agua cercana.<\/p>\r\n<p style=\"margin-bottom: 0.35cm;\">El servicio incluye personal, tanques de acopio y traslado de agua<\/p>\r\n<p style=\"margin-bottom: 0.35cm;\"><a href=\"https:\/\/elfogoncal.com.uy\/web\/wp-content\/uploads\/2014\/08\/2.jpg\" target=\"_blank\" rel=\"noopener\"><img loading=\"lazy\" decoding=\"async\" class=\"alignnone wp-image-132 size-medium\" src=\"https:\/\/elfogoncal.com.uy\/web\/wp-content\/uploads\/2014\/08\/2-450x115.jpg\" alt=\"2\" width=\"450\" height=\"115\" srcset=\"https:\/\/elfogoncal.com.uy\/web\/wp-content\/uploads\/2014\/08\/2-450x115.jpg 450w, https:\/\/elfogoncal.com.uy\/web\/wp-content\/uploads\/2014\/08\/2.jpg 886w\" sizes=\"auto, (max-width: 450px) 100vw, 450px\" \/><\/a><\/p>\r\n<p style=\"margin-bottom: 0.35cm;\"><b>Ventajas:<\/b><\/p>\r\n\r\n<ul>\r\n\t<li>\r\n<p style=\"margin-bottom: 0.35cm;\">Ahorra tiempo y mano de obra.<\/p>\r\n<\/li>\r\n\t<li>\r\n<p style=\"margin-bottom: 0.35cm;\">MUY R\u00e1pido se ba\u00f1an hasta 600 animales por hora.<\/p>\r\n<\/li>\r\n\t<li>\r\n<p style=\"margin-bottom: 0.35cm;\">\u201cMinimiza\u201d contagio de enfermedades p\u00f3dales y queratoconjutivitis.<\/p>\r\n<\/li>\r\n\t<li>\r\n<p style=\"margin-bottom: 0.35cm;\">Buena efectividad para el control de piojo.<\/p>\r\n<\/li>\r\n\t<li>\r\n<p style=\"margin-bottom: 0.35cm;\">Evita golpes, ahogamiento y disminuye el estr\u00e9s.<\/p>\r\n<\/li>\r\n\t<li>\r\n<p style=\"margin-bottom: 0.35cm;\">Bajo consumo de agua.<\/p>\r\n<\/li>\r\n<\/ul>\r\n<h3 style=\"margin-bottom: 0.35cm;\"><span style=\"color: #ff6600;\"><b>BA\u00d1O DE INMERSION NUEVO!!!!!!<\/b><\/span><\/h3>\r\n<p style=\"margin-bottom: 0.35cm;\"><b>Funcionamiento: <\/b><\/p>\r\n<p style=\"margin-bottom: 0.35cm;\">Mediante la inmersi\u00f3n directa del animal.\r\nFunciona de manera similar al ba\u00f1o de olla convencional.\r\nNecesita de una fuente de agua cercana.\r\nEl servicio incluye personal, tanques de acopio y traslado de agua (similar al abastecimiento de un mosquito)<\/p>\r\n<p style=\"margin-bottom: 0.35cm;\"><a href=\"https:\/\/elfogoncal.com.uy\/web\/wp-content\/uploads\/2014\/08\/3.jpg\" target=\"_blank\" rel=\"noopener\"><img loading=\"lazy\" decoding=\"async\" class=\"alignnone wp-image-133 size-medium\" src=\"https:\/\/elfogoncal.com.uy\/web\/wp-content\/uploads\/2014\/08\/3-450x115.jpg\" alt=\"3\" width=\"450\" height=\"115\" srcset=\"https:\/\/elfogoncal.com.uy\/web\/wp-content\/uploads\/2014\/08\/3-450x115.jpg 450w, https:\/\/elfogoncal.com.uy\/web\/wp-content\/uploads\/2014\/08\/3.jpg 726w\" sizes=\"auto, (max-width: 450px) 100vw, 450px\" \/><\/a><\/p>\r\n<p style=\"margin-bottom: 0.35cm;\"><b>Ventajas:<\/b><\/p>\r\n\r\n<ul>\r\n\t<li>\r\n<p style=\"margin-bottom: 0.35cm;\">Ahorra tiempo y mano de obra.<\/p>\r\n<\/li>\r\n\t<li>\r\n<p style=\"margin-bottom: 0.35cm;\">R\u00e1pido se ba\u00f1an hasta 2500 animales por d\u00eda.<\/p>\r\n<\/li>\r\n\t<li>\r\n<p style=\"margin-bottom: 0.35cm;\"><b>Alta<\/b> efectividad contra piojo.<\/p>\r\n<\/li>\r\n\t<li>\r\n<p style=\"margin-bottom: 0.35cm;\">Colabora con la erradicaci\u00f3n de sarna.<\/p>\r\n<\/li>\r\n\t<li>\r\n<p style=\"margin-bottom: 0.35cm;\">F\u00e1cil instalaci\u00f3n en cualquier brete del campo.<\/p>\r\n<\/li>\r\n\t<li>\r\n<p style=\"margin-bottom: 0.35cm;\">Se puede usar independientemente del largo de mecha del animal.<\/p>\r\n<\/li>\r\n<\/ul>\r\n<ul>\r\n\t<li>\r\n<p style=\"margin-bottom: 0.35cm;\">Asegura el contacto del producto en todo el animal<\/p>\r\n<\/li>\r\n<\/ul>\r\n<p style=\"margin-bottom: 0.35cm;\"><b>Consulte por tarifas y contrataci\u00f3n de servicios:<\/b><\/p>\r\n<p style=\"margin-left: 0.64cm; margin-bottom: 0.35cm; text-align: left;\" align=\"CENTER\"><span lang=\"es-UY\">Tel.: <\/span><span lang=\"es-UY\"><b>4367-9284 \/ 9066<\/b><\/span><\/p>\r\n<p style=\"margin-left: 0.64cm; margin-bottom: 0.35cm; text-align: left;\" align=\"CENTER\"><span lang=\"es-UY\">Mail.: <\/span><a href=\"mailto:info@elfogoncal.com.uy\"><span lang=\"es-UY\"><b>info@elfogoncal.com.uy<\/b><\/span><\/a><\/p><\/div>\n\t\t\t\t<\/div>\n\t\t\t\t<\/div>\n\t\t\t\t\t\t<\/div>\n\t\t\t\t\t<\/div>\n\t\t<\/div>\n\t\t\t\t\t\t\t\t<\/div>\n\t\t\t\t\t<\/div>\n\t\t<\/section>\n\t\t\t\t\t\t<\/div>\n\t\t\t\t\t\t<\/div>\n\t\t\t\t\t<\/div>\n\t\t","protected":false},"excerpt":{"rendered":"<p>Somos pioneros en prestar servicios integrales de ba\u00f1o para lanares. Hoy adem\u00e1s del ya conocido ba\u00f1o de aspersi\u00f3n contamos con un novedoso ba\u00f1o de inmersi\u00f3n port\u00e1til. BA\u00d1O DE ASPERSION: Funcionamiento: Mediante aspersores y chorros de alta presi\u00f3n. Cuando el animal entra al ba\u00f1o ejerce presi\u00f3n sobre la puerta de vaiv\u00e9n activando los aspersores. Necesita de [&hellip;]<\/p>\n","protected":false},"author":1,"featured_media":0,"parent":10,"menu_order":2,"comment_status":"closed","ping_status":"open","template":"","meta":{"footnotes":""},"class_list":["post-110","page","type-page","status-publish","hentry"],"_links":{"self":[{"href":"https:\/\/elfogoncal.com.uy\/web\/index.php?rest_route=\/wp\/v2\/pages\/110","targetHints":{"allow":["GET"]}}],"collection":[{"href":"https:\/\/elfogoncal.com.uy\/web\/index.php?rest_route=\/wp\/v2\/pages"}],"about":[{"href":"https:\/\/elfogoncal.com.uy\/web\/index.php?rest_route=\/wp\/v2\/types\/page"}],"author":[{"embeddable":true,"href":"https:\/\/elfogoncal.com.uy\/web\/index.php?rest_route=\/wp\/v2\/users\/1"}],"replies":[{"embeddable":true,"href":"https:\/\/elfogoncal.com.uy\/web\/index.php?rest_route=%2Fwp%2Fv2%2Fcomments&post=110"}],"version-history":[{"count":9,"href":"https:\/\/elfogoncal.com.uy\/web\/index.php?rest_route=\/wp\/v2\/pages\/110\/revisions"}],"predecessor-version":[{"id":2963,"href":"https:\/\/elfogoncal.com.uy\/web\/index.php?rest_route=\/wp\/v2\/pages\/110\/revisions\/2963"}],"up":[{"embeddable":true,"href":"https:\/\/elfogoncal.com.uy\/web\/index.php?rest_route=\/wp\/v2\/pages\/10"}],"wp:attachment":[{"href":"https:\/\/elfogoncal.com.uy\/web\/index.php?rest_route=%2Fwp%2Fv2%2Fmedia&parent=110"}],"curies":[{"name":"wp","href":"https:\/\/api.w.org\/{rel}","templated":true}]}}